{"id":1355,"date":"2018-01-09T22:10:38","date_gmt":"2018-01-09T22:10:38","guid":{"rendered":"http:\/\/www.schulte-gutachten.net\/site\/?page_id=1355"},"modified":"2025-09-16T18:11:17","modified_gmt":"2025-09-16T18:11:17","slug":"willkommen","status":"publish","type":"page","link":"http:\/\/www.schulte-gutachten.net\/site\/","title":{"rendered":""},"content":{"rendered":"<hr \/>\n<p><img loading=\"lazy\" decoding=\"async\" class=\"wp-image-1716 alignleft\" src=\"http:\/\/www.schulte-gutachten.net\/site\/wp-content\/uploads\/2021\/01\/Spalteeee.jpg\" alt=\"\" width=\"119\" height=\"318\" srcset=\"http:\/\/www.schulte-gutachten.net\/site\/wp-content\/uploads\/2021\/01\/Spalteeee.jpg 239w, http:\/\/www.schulte-gutachten.net\/site\/wp-content\/uploads\/2021\/01\/Spalteeee-112x300.jpg 112w\" sizes=\"auto, (max-width: 119px) 100vw, 119px\" \/><\/p>\n<p><span style=\"color: #993300;\"><span style=\"color: #008080;\"><strong>Spezialisiert auf <\/strong><span style=\"color: #000000;\">die Artengruppen<\/span><strong> Amphibien und Reptilien<\/strong><\/span><span style=\"color: #000000;\"> unterst\u00fctze ich seit 2012 Fachbeh\u00f6rden, Planungsb\u00fcros sowie private Gesellschaften und Unternehmen in Fragen des Natur- und Artenschutzes <span style=\"color: #008080;\"><strong>bundesweit<\/strong><\/span>.<\/span><\/span><\/p>\n<p><span style=\"color: #000000;\">Mein Arbeitsschwerpunkt liegt auf faunistischen Erfassungen, Artenschutzbeitr\u00e4gen, der Konzeption von Vermeidungs- und Ausgleichsma\u00dfnahmen, der Umweltbaubegleitung sowie der Erfolgskontrolle (Monitoring), h\u00e4ufig im Rahmen der Planung von Verkehrswegen und Leitungstrassen sowie Flurbereinigungen und Rohstoffabbau. Dar\u00fcber hinaus bearbeite ich Forschungsvorhaben mit Anwendungsbezug und Artenschutzprojekte.<\/span><\/p>\n<p><span style=\"color: #000000;\">Auf den folgenden Seiten finden Sie Informationen zu den angebotenen Leistungen sowie zu ausgew\u00e4hlten Projekten. Bei Interesse an einer Zusammenarbeit nutzen Sie bitte das Kontaktformular. Ich freue mich von Ihnen zu h\u00f6ren!<\/span><\/p>\n<hr \/>\n<p>\u00a0<\/p>\n\n\n<p><\/p>\n","protected":false},"excerpt":{"rendered":"<p>Spezialisiert auf die Artengruppen Amphibien und Reptilien unterst\u00fctze ich seit 2012 Fachbeh\u00f6rden, Planungsb\u00fcros sowie private Gesellschaften und Unternehmen in Fragen des Natur- und Artenschutzes bundesweit. Mein Arbeitsschwerpunkt liegt auf faunistischen Erfassungen, Artenschutzbeitr\u00e4gen, der Konzeption von Vermeidungs- und Ausgleichsma\u00dfnahmen, der Umweltbaubegleitung sowie der Erfolgskontrolle (Monitoring), h\u00e4ufig im Rahmen der Planung von Verkehrswegen und Leitungstrassen sowie Flurbereinigungen &hellip; <a href=\"http:\/\/www.schulte-gutachten.net\/site\/\" class=\"more-link\"><span class=\"screen-reader-text\"><\/span> weiterlesen <span class=\"meta-nav\">&rarr;<\/span><\/a><\/p>\n","protected":false},"author":1,"featured_media":0,"parent":0,"menu_order":0,"comment_status":"closed","ping_status":"closed","template":"","meta":{"footnotes":""},"class_list":["post-1355","page","type-page","status-publish","hentry"],"_links":{"self":[{"href":"http:\/\/www.schulte-gutachten.net\/site\/wp-json\/wp\/v2\/pages\/1355","targetHints":{"allow":["GET"]}}],"collection":[{"href":"http:\/\/www.schulte-gutachten.net\/site\/wp-json\/wp\/v2\/pages"}],"about":[{"href":"http:\/\/www.schulte-gutachten.net\/site\/wp-json\/wp\/v2\/types\/page"}],"author":[{"embeddable":true,"href":"http:\/\/www.schulte-gutachten.net\/site\/wp-json\/wp\/v2\/users\/1"}],"replies":[{"embeddable":true,"href":"http:\/\/www.schulte-gutachten.net\/site\/wp-json\/wp\/v2\/comments?post=1355"}],"version-history":[{"count":67,"href":"http:\/\/www.schulte-gutachten.net\/site\/wp-json\/wp\/v2\/pages\/1355\/revisions"}],"predecessor-version":[{"id":1888,"href":"http:\/\/www.schulte-gutachten.net\/site\/wp-json\/wp\/v2\/pages\/1355\/revisions\/1888"}],"wp:attachment":[{"href":"http:\/\/www.schulte-gutachten.net\/site\/wp-json\/wp\/v2\/media?parent=1355"}],"curies":[{"name":"wp","href":"https:\/\/api.w.org\/{rel}","templated":true}]}}